{"id":1026,"date":"2023-04-02T15:47:05","date_gmt":"2023-04-02T15:47:05","guid":{"rendered":"https:\/\/lemmaco.com\/product\/ln-48\/"},"modified":"2025-04-11T15:38:29","modified_gmt":"2025-04-11T15:38:29","slug":"ln-48","status":"publish","type":"product","link":"https:\/\/lemmaco.com\/hu\/termek\/ln-48\/","title":{"rendered":"LN 48"},"content":{"rendered":"<p>Az LN 48 near edge nyomtat\u00f3khoz kifejlesztett pr\u00e9mium szalag. Gyorsas\u00e1ga, \u00e9rz\u00e9kenys\u00e9ge, sokoldal\u00fas\u00e1ga \u00e9s fekete nyomata t\u00f6k\u00e9letesen illeszked\u0151 megold\u00e1st ad az alkalmaz\u00e1sok nagy t\u00f6bbs\u00e9g\u00e9re. Ez a szalag 800mm\/s nyomtat\u00e1si sebess\u00e9g mellett kiv\u00e1l\u00f3 stabil nyomatot eredm\u00e9nyez.<\/p>\n","protected":false},"excerpt":{"rendered":"<p>Az LN 48 near edge nyomtat\u00f3khoz kifejlesztett pr\u00e9mium szalag. Gyorsas\u00e1ga, \u00e9rz\u00e9kenys\u00e9ge, sokoldal\u00fas\u00e1ga \u00e9s fekete nyomata t\u00f6k\u00e9letesen illeszked\u0151 megold\u00e1st ad az alkalmaz\u00e1sok nagy t\u00f6bbs\u00e9g\u00e9re. Ez a szalag 800mm\/s nyomtat\u00e1si sebess\u00e9g mellett kiv\u00e1l\u00f3 stabil nyomatot eredm\u00e9nyez.<\/p>\n","protected":false},"featured_media":0,"comment_status":"open","ping_status":"closed","template":"","meta":{"om_disable_all_campaigns":false,"_monsterinsights_skip_tracking":false,"_monsterinsights_sitenote_active":false,"_monsterinsights_sitenote_note":"","_monsterinsights_sitenote_category":0},"product_cat":[141],"product_tag":[],"class_list":{"0":"post-1026","1":"product","2":"type-product","3":"status-publish","5":"product_cat-near-edge-szeriak","6":"pa_application-medical-hu","7":"pa_application-healthcare-hu","8":"pa_application-food-snack-coffee-dairy-beverages-hu","9":"pa_application-fresh-product-hu","10":"pa_application-pharmaceutical-hu","11":"pa_application-retail-clothing-tags-hu","12":"pa_application-frozen-food-hu","13":"pa_application-flexible-packaging-hu","14":"pa_application-cosmetics-packaging-hu","16":"first","17":"instock","18":"shipping-taxable","19":"product-type-simple"},"acf":[],"aioseo_notices":[],"_links":{"self":[{"href":"https:\/\/lemmaco.com\/hu\/wp-json\/wp\/v2\/product\/1026","targetHints":{"allow":["GET"]}}],"collection":[{"href":"https:\/\/lemmaco.com\/hu\/wp-json\/wp\/v2\/product"}],"about":[{"href":"https:\/\/lemmaco.com\/hu\/wp-json\/wp\/v2\/types\/product"}],"replies":[{"embeddable":true,"href":"https:\/\/lemmaco.com\/hu\/wp-json\/wp\/v2\/comments?post=1026"}],"wp:attachment":[{"href":"https:\/\/lemmaco.com\/hu\/wp-json\/wp\/v2\/media?parent=1026"}],"wp:term":[{"taxonomy":"product_cat","embeddable":true,"href":"https:\/\/lemmaco.com\/hu\/wp-json\/wp\/v2\/product_cat?post=1026"},{"taxonomy":"product_tag","embeddable":true,"href":"https:\/\/lemmaco.com\/hu\/wp-json\/wp\/v2\/product_tag?post=1026"}],"curies":[{"name":"wp","href":"https:\/\/api.w.org\/{rel}","templated":true}]}}