{"id":1010,"date":"2023-03-21T12:44:26","date_gmt":"2023-03-21T12:44:26","guid":{"rendered":"https:\/\/lemmaco.com\/product\/l55\/"},"modified":"2025-10-06T13:02:58","modified_gmt":"2025-10-06T13:02:58","slug":"l55","status":"publish","type":"product","link":"https:\/\/lemmaco.com\/hu\/termek\/l55\/","title":{"rendered":"L155"},"content":{"rendered":"<p>Az L155 pr\u00e9mium fest\u00e9kszalag egy nagy teljes\u00edtm\u00e9ny\u0171 szalag extr\u00e9m k\u00f6r\u00fclm\u00e9nyekhez kifejlesztve. Kiv\u00e1l\u00f3an ellen\u00e1ll az elken\u0151d\u00e9snek, karcol\u00f3d\u00e1snak, old\u00f3szereknek, magas h\u0151m\u00e9rs\u00e9kletnek t\u00f6k\u00e9letes nyomatmin\u0151s\u00e9ggel minden szintetikus hordoz\u00f3n.<\/p>\n<p><span id=\"page3R_mcid2\" class=\"markedContent\">\u00a0<\/span><\/p>\n","protected":false},"excerpt":{"rendered":"<p>Az L155 pr\u00e9mium fest\u00e9kszalag egy nagy teljes\u00edtm\u00e9ny\u0171 szalag extr\u00e9m k\u00f6r\u00fclm\u00e9nyekhez kifejlesztve. Kiv\u00e1l\u00f3an ellen\u00e1ll az elken\u0151d\u00e9snek, karcol\u00f3d\u00e1snak, old\u00f3szereknek, magas h\u0151m\u00e9rs\u00e9kletnek t\u00f6k\u00e9letes nyomatmin\u0151s\u00e9ggel minden szintetikus hordoz\u00f3n. \u00a0<\/p>\n","protected":false},"featured_media":0,"comment_status":"open","ping_status":"closed","template":"","meta":{"om_disable_all_campaigns":false,"_monsterinsights_skip_tracking":false,"_monsterinsights_sitenote_active":false,"_monsterinsights_sitenote_note":"","_monsterinsights_sitenote_category":0},"product_cat":[140],"product_tag":[],"class_list":{"0":"post-1010","1":"product","2":"type-product","3":"status-publish","5":"product_cat-flat-head-szeriak","6":"pa_application-healthcare-hu","7":"pa_application-automotive-hu","8":"pa_application-electronics-digital-hu","9":"pa_application-industrial-hu","10":"pa_application-tickets-product-id-hu","11":"pa_application-horticulture-outdoor-equipment-hu","12":"pa_application-hot-working-hu","13":"pa_application-chemical-drum-labeling-hu","15":"first","16":"instock","17":"shipping-taxable","18":"product-type-simple"},"acf":[],"aioseo_notices":[],"_links":{"self":[{"href":"https:\/\/lemmaco.com\/hu\/wp-json\/wp\/v2\/product\/1010","targetHints":{"allow":["GET"]}}],"collection":[{"href":"https:\/\/lemmaco.com\/hu\/wp-json\/wp\/v2\/product"}],"about":[{"href":"https:\/\/lemmaco.com\/hu\/wp-json\/wp\/v2\/types\/product"}],"replies":[{"embeddable":true,"href":"https:\/\/lemmaco.com\/hu\/wp-json\/wp\/v2\/comments?post=1010"}],"wp:attachment":[{"href":"https:\/\/lemmaco.com\/hu\/wp-json\/wp\/v2\/media?parent=1010"}],"wp:term":[{"taxonomy":"product_cat","embeddable":true,"href":"https:\/\/lemmaco.com\/hu\/wp-json\/wp\/v2\/product_cat?post=1010"},{"taxonomy":"product_tag","embeddable":true,"href":"https:\/\/lemmaco.com\/hu\/wp-json\/wp\/v2\/product_tag?post=1010"}],"curies":[{"name":"wp","href":"https:\/\/api.w.org\/{rel}","templated":true}]}}